{"id":933,"date":"2023-02-22T20:36:16","date_gmt":"2023-02-22T20:36:16","guid":{"rendered":"https:\/\/mht-bau.de\/?page_id=933"},"modified":"2023-02-22T20:36:16","modified_gmt":"2023-02-22T20:36:16","slug":"einblastechnik","status":"publish","type":"page","link":"https:\/\/mht-bau.de\/index.php\/einblastechnik\/","title":{"rendered":"Einblastechnik"},"content":{"rendered":"\n<p>Bei der Sanierung oder Neubau ihres Bauvorhabens achten wir auch auf die Umsetzung der Energieeinsparverordnung und sorgen somit f\u00fcr die optimale W\u00e4rmed\u00e4mmung an den Au\u00dfenw\u00e4nden und auf dem Dach.<\/p>\n\n\n\n<p>Mittels unser Einblastechnik haben wir im Hand umdrehen Ihren Bau ged\u00e4mmt. Dabei versuchen wir unseren \u00f6kologischen Fu\u00dfabdruck so gering wie m\u00f6glich zu halten und arbeiten deshalb nur mit nachhaltigem bzw. recyceltem Material.<\/p>\n\n\n\n<p>Weitere Informationen finden Sie bei unseren Partnern auf&nbsp;<a href=\"https:\/\/www.isocell.com\/de\/\">https:\/\/www.isocell.com\/de<\/a>&nbsp;und&nbsp;<a href=\"https:\/\/www.steico.com\/de\">https:\/\/www.steico.com\/de<\/a>.<\/p>\n","protected":false},"excerpt":{"rendered":"<p>Bei der Sanierung oder Neubau ihres Bauvorhabens achten wir auch auf die Umsetzung der Energieeinsparverordnung und sorgen somit f\u00fcr die optimale W\u00e4rmed\u00e4mmung an den Au\u00dfenw\u00e4nden und auf dem Dach. Mittels unser Einblastechnik haben wir im Hand umdrehen Ihren Bau ged\u00e4mmt. Dabei versuchen wir unseren \u00f6kologischen Fu\u00dfabdruck so gering wie m\u00f6glich zu halten und arbeiten deshalb [&hellip;]<\/p>\n","protected":false},"author":1,"featured_media":0,"parent":0,"menu_order":0,"comment_status":"closed","ping_status":"closed","template":"","meta":{"footnotes":""},"class_list":["post-933","page","type-page","status-publish","hentry"],"_links":{"self":[{"href":"https:\/\/mht-bau.de\/index.php\/wp-json\/wp\/v2\/pages\/933","targetHints":{"allow":["GET"]}}],"collection":[{"href":"https:\/\/mht-bau.de\/index.php\/wp-json\/wp\/v2\/pages"}],"about":[{"href":"https:\/\/mht-bau.de\/index.php\/wp-json\/wp\/v2\/types\/page"}],"author":[{"embeddable":true,"href":"https:\/\/mht-bau.de\/index.php\/wp-json\/wp\/v2\/users\/1"}],"replies":[{"embeddable":true,"href":"https:\/\/mht-bau.de\/index.php\/wp-json\/wp\/v2\/comments?post=933"}],"version-history":[{"count":1,"href":"https:\/\/mht-bau.de\/index.php\/wp-json\/wp\/v2\/pages\/933\/revisions"}],"predecessor-version":[{"id":934,"href":"https:\/\/mht-bau.de\/index.php\/wp-json\/wp\/v2\/pages\/933\/revisions\/934"}],"wp:attachment":[{"href":"https:\/\/mht-bau.de\/index.php\/wp-json\/wp\/v2\/media?parent=933"}],"curies":[{"name":"wp","href":"https:\/\/api.w.org\/{rel}","templated":true}]}}