{"id":93,"date":"2021-03-05T22:27:04","date_gmt":"2021-03-05T22:27:04","guid":{"rendered":"http:\/\/164.90.161.182\/?page_id=93"},"modified":"2023-02-23T19:13:03","modified_gmt":"2023-02-23T19:13:03","slug":"ueber-uns","status":"publish","type":"page","link":"https:\/\/mht-bau.de\/index.php\/ueber-uns\/","title":{"rendered":"\u00dcber Uns"},"content":{"rendered":"\n<p>Die MHT Baugesellschaft mbH wurde 1996 in G\u00fcstrow gegr\u00fcndet und besch\u00e4ftigt derzeit 10 Mitarbeiter, darunter zwei Dachdeckermeister\/ Zimmerermeister sowie einen Diplomingenieur.<\/p>\n\n\n\n<hr class=\"wp-block-separator has-css-opacity is-style-wide\"\/>\n\n\n\n<p><strong>Wof\u00fcr stehen wir?<\/strong><\/p>\n\n\n\n<p>F\u00fcr unser qualifiziertes Team hat es oberste Priorit\u00e4t, unsere Kunden mit hochwertiger Arbeit zu \u00fcberzeugen. Dabei ist es f\u00fcr uns selbstverst\u00e4ndlich, auf die Besonderheiten jedes einzelnen Bauobjektes und die Vorstellungen unserer Kunden einzugehen und individuelle L\u00f6sungen anzubieten. In der MHT Baugesellschaft finden Sie ein zuverl\u00e4ssiges Unternehmen, das erstklassige Ergebnisse erzielt.<\/p>\n\n\n\n<hr class=\"wp-block-separator has-css-opacity is-style-wide\"\/>\n\n\n\n<p><strong>Was sind unsere Schwerpunkte?<\/strong><\/p>\n\n\n\n<ul class=\"wp-block-list\">\n<li>Dachsanierungen jeglicher Art f\u00fcr \u00f6ffentliche und private Kunden<\/li>\n\n\n\n<li>Errichten von Dachst\u00fchlen, Holzrahmenbauten und Gauben f\u00fcr Einfamilien- und Ferienh\u00e4usern sowie dazugeh\u00f6rige Dachdecker- und Dachklempnerarbeiten<\/li>\n\n\n\n<li>Planung und Aufbau von Photovoltaik-Anlagen<\/li>\n\n\n\n<li>Einblastechnik mit Cellulose oder Holzwolle<\/li>\n\n\n\n<li>Dachklempnerarbeiten jeglicher Art  <\/li>\n<\/ul>\n\n\n\n<hr class=\"wp-block-separator has-css-opacity is-style-wide\"\/>\n\n\n\n<p>Auf unseren <a href=\"https:\/\/mht-bau.de\/index.php\/ueber-uns\/https:\/\/mht-bau.de\/index.php\/referenzen\/\" data-type=\"URL\" data-id=\"https:\/\/mht-bau.de\/index.php\/ueber-uns\/https:\/\/mht-bau.de\/index.php\/referenzen\/\">Referenz<\/a>seiten k\u00f6nnen Sie sich einen \u00dcberblick \u00fcber eine Auswahl unserer bisherigen Objekte und Projekte verschaffen.<\/p>\n\n\n\n<p><\/p>\n","protected":false},"excerpt":{"rendered":"<p>Die MHT Baugesellschaft mbH wurde 1996 in G\u00fcstrow gegr\u00fcndet und besch\u00e4ftigt derzeit 10 Mitarbeiter, darunter zwei Dachdeckermeister\/ Zimmerermeister sowie einen Diplomingenieur. Wof\u00fcr stehen wir? F\u00fcr unser qualifiziertes Team hat es oberste Priorit\u00e4t, unsere Kunden mit hochwertiger Arbeit zu \u00fcberzeugen. Dabei ist es f\u00fcr uns selbstverst\u00e4ndlich, auf die Besonderheiten jedes einzelnen Bauobjektes und die Vorstellungen unserer [&hellip;]<\/p>\n","protected":false},"author":1,"featured_media":0,"parent":0,"menu_order":1,"comment_status":"closed","ping_status":"closed","template":"","meta":{"footnotes":""},"class_list":["post-93","page","type-page","status-publish","hentry"],"_links":{"self":[{"href":"https:\/\/mht-bau.de\/index.php\/wp-json\/wp\/v2\/pages\/93","targetHints":{"allow":["GET"]}}],"collection":[{"href":"https:\/\/mht-bau.de\/index.php\/wp-json\/wp\/v2\/pages"}],"about":[{"href":"https:\/\/mht-bau.de\/index.php\/wp-json\/wp\/v2\/types\/page"}],"author":[{"embeddable":true,"href":"https:\/\/mht-bau.de\/index.php\/wp-json\/wp\/v2\/users\/1"}],"replies":[{"embeddable":true,"href":"https:\/\/mht-bau.de\/index.php\/wp-json\/wp\/v2\/comments?post=93"}],"version-history":[{"count":12,"href":"https:\/\/mht-bau.de\/index.php\/wp-json\/wp\/v2\/pages\/93\/revisions"}],"predecessor-version":[{"id":944,"href":"https:\/\/mht-bau.de\/index.php\/wp-json\/wp\/v2\/pages\/93\/revisions\/944"}],"wp:attachment":[{"href":"https:\/\/mht-bau.de\/index.php\/wp-json\/wp\/v2\/media?parent=93"}],"curies":[{"name":"wp","href":"https:\/\/api.w.org\/{rel}","templated":true}]}}