{"id":34,"date":"2021-03-05T20:34:50","date_gmt":"2021-03-05T20:34:50","guid":{"rendered":"http:\/\/164.90.161.182\/?page_id=34"},"modified":"2023-03-06T07:31:45","modified_gmt":"2023-03-06T07:31:45","slug":"home","status":"publish","type":"page","link":"https:\/\/mht-bau.de\/","title":{"rendered":"Home"},"content":{"rendered":"\n<p class=\"has-text-align-center has-medium-font-size\">H<font style=\"vertical-align: inherit;\"><font style=\"vertical-align: inherit;\"><font style=\"vertical-align: inherit;\"><font style=\"vertical-align: inherit;\"><font style=\"vertical-align: inherit;\"><font style=\"vertical-align: inherit;\"><font style=\"vertical-align: inherit;\"><font style=\"vertical-align: inherit;\">erzlich Willkomme<\/font><\/font><\/font><\/font>n<font style=\"vertical-align: inherit;\"><font style=\"vertical-align: inherit;\"><font style=\"vertical-align: inherit;\"><font style=\"vertical-align: inherit;\"> bei der MHT Baugesellschaft mbH, Ihr<\/font><\/font><\/font><\/font><\/font><\/font><\/font><\/font>e kompetente Zimmerei und Dachdeckerei <font style=\"vertical-align: inherit;\"><font style=\"vertical-align: inherit;\"><font style=\"vertical-align: inherit;\"><font style=\"vertical-align: inherit;\"><font style=\"vertical-align: inherit;\"><font style=\"vertical-align: inherit;\"><font style=\"vertical-align: inherit;\"><font style=\"vertical-align: inherit;\">aus B\u00fclow bei<\/font><\/font> G\u00fcstro<\/font><\/font>w. Versc<font style=\"vertical-align: inherit;\"><font style=\"vertical-align: inherit;\">haffen Sie sich einen \u00dcberblick \u00fcber unser Unternehmen, unser Leistungsangebot und von der Qualit\u00e4t unserer Arbeit.<\/font><\/font><\/font><\/font><\/font><\/font><\/p>\n\n\n\n<ul class=\"wp-block-social-links has-large-icon-size items-justified-right is-style-logos-only is-layout-flex wp-block-social-links-is-layout-flex\"><li class=\"wp-social-link wp-social-link-facebook has-black-color wp-block-social-link\"><a rel=\"noopener nofollow\" target=\"_blank\" href=\"https:\/\/www.facebook.com\/MHT-Baugesellschaft-105168335078317\" class=\"wp-block-social-link-anchor\"><svg width=\"24\" height=\"24\" viewBox=\"0 0 24 24\" version=\"1.1\" xmlns=\"http:\/\/www.w3.org\/2000\/svg\" aria-hidden=\"true\" focusable=\"false\"><path d=\"M12 2C6.5 2 2 6.5 2 12c0 5 3.7 9.1 8.4 9.9v-7H7.9V12h2.5V9.8c0-2.5 1.5-3.9 3.8-3.9 1.1 0 2.2.2 2.2.2v2.5h-1.3c-1.2 0-1.6.8-1.6 1.6V12h2.8l-.4 2.9h-2.3v7C18.3 21.1 22 17 22 12c0-5.5-4.5-10-10-10z\"><\/path><\/svg><span class=\"wp-block-social-link-label screen-reader-text\">Facebook<\/span><\/a><\/li>\n\n<li class=\"wp-social-link wp-social-link-instagram has-black-color wp-block-social-link\"><a rel=\"noopener nofollow\" target=\"_blank\" href=\"https:\/\/www.instagram.com\/mht_baugesellschaft_mbh\/\" class=\"wp-block-social-link-anchor\"><svg width=\"24\" height=\"24\" viewBox=\"0 0 24 24\" version=\"1.1\" xmlns=\"http:\/\/www.w3.org\/2000\/svg\" aria-hidden=\"true\" focusable=\"false\"><path d=\"M12,4.622c2.403,0,2.688,0.009,3.637,0.052c0.877,0.04,1.354,0.187,1.671,0.31c0.42,0.163,0.72,0.358,1.035,0.673 c0.315,0.315,0.51,0.615,0.673,1.035c0.123,0.317,0.27,0.794,0.31,1.671c0.043,0.949,0.052,1.234,0.052,3.637 s-0.009,2.688-0.052,3.637c-0.04,0.877-0.187,1.354-0.31,1.671c-0.163,0.42-0.358,0.72-0.673,1.035 c-0.315,0.315-0.615,0.51-1.035,0.673c-0.317,0.123-0.794,0.27-1.671,0.31c-0.949,0.043-1.233,0.052-3.637,0.052 s-2.688-0.009-3.637-0.052c-0.877-0.04-1.354-0.187-1.671-0.31c-0.42-0.163-0.72-0.358-1.035-0.673 c-0.315-0.315-0.51-0.615-0.673-1.035c-0.123-0.317-0.27-0.794-0.31-1.671C4.631,14.688,4.622,14.403,4.622,12 s0.009-2.688,0.052-3.637c0.04-0.877,0.187-1.354,0.31-1.671c0.163-0.42,0.358-0.72,0.673-1.035 c0.315-0.315,0.615-0.51,1.035-0.673c0.317-0.123,0.794-0.27,1.671-0.31C9.312,4.631,9.597,4.622,12,4.622 M12,3 C9.556,3,9.249,3.01,8.289,3.054C7.331,3.098,6.677,3.25,6.105,3.472C5.513,3.702,5.011,4.01,4.511,4.511 c-0.5,0.5-0.808,1.002-1.038,1.594C3.25,6.677,3.098,7.331,3.054,8.289C3.01,9.249,3,9.556,3,12c0,2.444,0.01,2.751,0.054,3.711 c0.044,0.958,0.196,1.612,0.418,2.185c0.23,0.592,0.538,1.094,1.038,1.594c0.5,0.5,1.002,0.808,1.594,1.038 c0.572,0.222,1.227,0.375,2.185,0.418C9.249,20.99,9.556,21,12,21s2.751-0.01,3.711-0.054c0.958-0.044,1.612-0.196,2.185-0.418 c0.592-0.23,1.094-0.538,1.594-1.038c0.5-0.5,0.808-1.002,1.038-1.594c0.222-0.572,0.375-1.227,0.418-2.185 C20.99,14.751,21,14.444,21,12s-0.01-2.751-0.054-3.711c-0.044-0.958-0.196-1.612-0.418-2.185c-0.23-0.592-0.538-1.094-1.038-1.594 c-0.5-0.5-1.002-0.808-1.594-1.038c-0.572-0.222-1.227-0.375-2.185-0.418C14.751,3.01,14.444,3,12,3L12,3z M12,7.378 c-2.552,0-4.622,2.069-4.622,4.622S9.448,16.622,12,16.622s4.622-2.069,4.622-4.622S14.552,7.378,12,7.378z M12,15 c-1.657,0-3-1.343-3-3s1.343-3,3-3s3,1.343,3,3S13.657,15,12,15z M16.804,6.116c-0.596,0-1.08,0.484-1.08,1.08 s0.484,1.08,1.08,1.08c0.596,0,1.08-0.484,1.08-1.08S17.401,6.116,16.804,6.116z\"><\/path><\/svg><span class=\"wp-block-social-link-label screen-reader-text\">Instagram<\/span><\/a><\/li><\/ul>\n\n\n\n<hr class=\"wp-block-separator has-css-opacity is-style-wide\"\/>\n\n\n\n<div class=\"wp-block-nextend-smartslider3\"><\/div>\n\n\n\n<hr class=\"wp-block-separator has-css-opacity is-style-wide\"\/>\n\n\n\n<p class=\"has-text-align-center has-large-font-size\"><strong>Alles rund um das Dach &#8211; unsere Leistungen<\/strong>:<\/p>\n\n\n\n<hr class=\"wp-block-separator has-alpha-channel-opacity is-style-wide\"\/>\n\n\n\n<div class=\"wp-block-nextend-smartslider3\"><\/div>\n\n\n\n<hr class=\"wp-block-separator has-alpha-channel-opacity is-style-wide\"\/>\n\n\n\n<div class=\"wp-block-nextend-smartslider3\"><\/div>\n\n\n\n<hr class=\"wp-block-separator has-alpha-channel-opacity is-style-wide\"\/>\n\n\n\n<div class=\"wp-block-nextend-smartslider3\"><\/div>\n\n\n\n<hr class=\"wp-block-separator has-alpha-channel-opacity is-style-wide\"\/>\n\n\n\n<div class=\"wp-block-nextend-smartslider3\"><\/div>\n\n\n\n<hr class=\"wp-block-separator has-css-opacity is-style-wide\"\/>\n\n\n\n<p class=\"has-text-align-center has-white-background-color has-background has-large-font-size\"><strong>Galerie <\/strong><\/p>\n\n\n\n<div class=\"wp-block-nextend-smartslider3\"><\/div>\n\n\n\n<p><\/p>\n\n\n\n<p class=\"has-large-font-size\"><strong>Neuigkeiten<\/strong><\/p>\n\n\n<ul class=\"wp-block-latest-posts__list has-dates wp-block-latest-posts\"><li><a class=\"wp-block-latest-posts__post-title\" href=\"https:\/\/mht-bau.de\/index.php\/2023\/02\/19\/zvdh-zertifizierterphotovoltaik-managerim-dachdeckerhandwerk\/\">ZVDH-zertifizierter Photovoltaik-Manager im Dachdeckerhandwerk<\/a><time datetime=\"2023-02-19T15:04:30+00:00\" class=\"wp-block-latest-posts__post-date\">February 19, 2023<\/time><div class=\"wp-block-latest-posts__post-excerpt\">Die Nutzung erneuerbarer Energien ist f\u00fcr die Umsetzung der Klimawende unabdingbar. Als Dachdecker und Zimmerer tragen wir ma\u00dfgeblich dazu bei das Photovoltaik-Anlagen auf D\u00e4chern nicht nur\u2026 <a class=\"wp-block-latest-posts__read-more\" href=\"https:\/\/mht-bau.de\/index.php\/2023\/02\/19\/zvdh-zertifizierterphotovoltaik-managerim-dachdeckerhandwerk\/\" rel=\"noopener noreferrer\">Read more<span class=\"screen-reader-text\">: ZVDH-zertifizierter Photovoltaik-Manager im Dachdeckerhandwerk<\/span><\/a><\/div><\/li>\n<li><a class=\"wp-block-latest-posts__post-title\" href=\"https:\/\/mht-bau.de\/index.php\/2022\/12\/04\/creaton-ladt-ein\/\">Creaton l\u00e4dt ein&#8230;<\/a><time datetime=\"2022-12-04T11:38:04+00:00\" class=\"wp-block-latest-posts__post-date\">December 4, 2022<\/time><div class=\"wp-block-latest-posts__post-excerpt\">Als Mitglied des PV-Expertennetzwerkes der Firma Creaton war die Teilnahme beim PV- Expertentag und Zukunftstag f\u00fcr uns eine Pflicht. Die beiden Tage boten uns spannende Einblicke\u2026 <a class=\"wp-block-latest-posts__read-more\" href=\"https:\/\/mht-bau.de\/index.php\/2022\/12\/04\/creaton-ladt-ein\/\" rel=\"noopener noreferrer\">Read more<span class=\"screen-reader-text\">: Creaton l\u00e4dt ein&#8230;<\/span><\/a><\/div><\/li>\n<li><a class=\"wp-block-latest-posts__post-title\" href=\"https:\/\/mht-bau.de\/index.php\/2021\/08\/27\/amtsscheune-zarrentin\/\">&#8220;Amtsscheune Zarrentin&#8221;<\/a><time datetime=\"2021-08-27T12:39:50+00:00\" class=\"wp-block-latest-posts__post-date\">August 27, 2021<\/time><div class=\"wp-block-latest-posts__post-excerpt\">Ein kleiner R\u00fcckblick&#8230; Im sch\u00f6nen Zarrentin am Schaalsee stellten wir letztes Jahr zusammen mit anderen Gewerken die &#8220;Amtscheune&#8221; fertig. Besonders sch\u00f6n war neben dem Ambiente des\u2026 <a class=\"wp-block-latest-posts__read-more\" href=\"https:\/\/mht-bau.de\/index.php\/2021\/08\/27\/amtsscheune-zarrentin\/\" rel=\"noopener noreferrer\">Read more<span class=\"screen-reader-text\">: &#8220;Amtsscheune Zarrentin&#8221;<\/span><\/a><\/div><\/li>\n<li><a class=\"wp-block-latest-posts__post-title\" href=\"https:\/\/mht-bau.de\/index.php\/2021\/03\/06\/neu-seite\/\">Neue Internetseite<\/a><time datetime=\"2021-03-06T08:48:18+00:00\" class=\"wp-block-latest-posts__post-date\">March 6, 2021<\/time><div class=\"wp-block-latest-posts__post-excerpt\">Liebe Besucher und Besucherinnen unser Internetseite, wir sind aktuell dabei unsere Internetseite zu erneuern um Ihnen den bestm\u00f6glichen Eindruck \u00fcber unsere Firma zu bieten. Nehmen Sie\u2026 <a class=\"wp-block-latest-posts__read-more\" href=\"https:\/\/mht-bau.de\/index.php\/2021\/03\/06\/neu-seite\/\" rel=\"noopener noreferrer\">Read more<span class=\"screen-reader-text\">: Neue Internetseite<\/span><\/a><\/div><\/li>\n<\/ul>\n\n\n<div class=\"wp-block-columns are-vertically-aligned-center is-layout-flex wp-container-core-columns-is-layout-9d6595d7 wp-block-columns-is-layout-flex\">\n<div class=\"wp-block-column is-vertically-aligned-center is-layout-flow wp-block-column-is-layout-flow\" style=\"flex-basis:100%\">\n<div class=\"wp-block-group\"><div class=\"wp-block-group__inner-container is-layout-flow wp-block-group-is-layout-flow\">\n<div class=\"wp-block-nextend-smartslider3\"><\/div>\n<\/div><\/div>\n<\/div>\n<\/div>\n\n\n<div style=\"position:relative;width:100%;height:0;padding-bottom:22.80701754386%\" class=\"AdContainer\"> <iframe src=\"https:\/\/werbeportal.handwerk.de\/sites\/default\/files\/htmlbanner\/259\/1140x260\/main.html\" scrolling=\"no\" frameborder=0 style=\"position:absolute;top:0;left:0;width:100%;height:100%;\"><\/iframe> <\/div>\n","protected":false},"excerpt":{"rendered":"<p>Herzlich Willkommen bei der MHT Baugesellschaft mbH, Ihre kompetente Zimmerei und Dachdeckerei aus B\u00fclow bei G\u00fcstrow. Verschaffen Sie sich einen \u00dcberblick \u00fcber unser Unternehmen, unser Leistungsangebot und von der Qualit\u00e4t unserer Arbeit. Alles rund um das Dach &#8211; unsere Leistungen: Galerie Neuigkeiten<\/p>\n","protected":false},"author":1,"featured_media":0,"parent":0,"menu_order":-8,"comment_status":"closed","ping_status":"closed","template":"","meta":{"footnotes":""},"class_list":["post-34","page","type-page","status-publish","hentry"],"_links":{"self":[{"href":"https:\/\/mht-bau.de\/index.php\/wp-json\/wp\/v2\/pages\/34","targetHints":{"allow":["GET"]}}],"collection":[{"href":"https:\/\/mht-bau.de\/index.php\/wp-json\/wp\/v2\/pages"}],"about":[{"href":"https:\/\/mht-bau.de\/index.php\/wp-json\/wp\/v2\/types\/page"}],"author":[{"embeddable":true,"href":"https:\/\/mht-bau.de\/index.php\/wp-json\/wp\/v2\/users\/1"}],"replies":[{"embeddable":true,"href":"https:\/\/mht-bau.de\/index.php\/wp-json\/wp\/v2\/comments?post=34"}],"version-history":[{"count":98,"href":"https:\/\/mht-bau.de\/index.php\/wp-json\/wp\/v2\/pages\/34\/revisions"}],"predecessor-version":[{"id":959,"href":"https:\/\/mht-bau.de\/index.php\/wp-json\/wp\/v2\/pages\/34\/revisions\/959"}],"wp:attachment":[{"href":"https:\/\/mht-bau.de\/index.php\/wp-json\/wp\/v2\/media?parent=34"}],"curies":[{"name":"wp","href":"https:\/\/api.w.org\/{rel}","templated":true}]}}