{"id":27,"date":"2021-03-05T20:29:48","date_gmt":"2021-03-05T20:29:48","guid":{"rendered":"http:\/\/164.90.161.182\/?page_id=27"},"modified":"2021-08-29T12:02:54","modified_gmt":"2021-08-29T12:02:54","slug":"datenschutzerklarung","status":"publish","type":"page","link":"https:\/\/mht-bau.de\/index.php\/datenschutzerklarung\/","title":{"rendered":"Datenschutzerkl\u00e4rung"},"content":{"rendered":"\n<p>I. Name und Anschrift des Verantwortlichen<\/p>\n\n\n\n<p>Der Verantwortliche im Sinne der Datenschutz-Grundverordnung und anderer nationaler Datenschutzgesetze der Mitgliedsstaaten sowie sonstiger datenschutzrechtlicher&nbsp;Bestimmungen ist die:<\/p>\n\n\n\n<p>MHT Baugesellschaft mbH<\/p>\n\n\n\n<p>vertreten durch:<\/p>\n\n\n\n<p>Gesch\u00e4ftsf\u00fchrer<\/p>\n\n\n\n<p>Mathias Wolff und Tim Hoppe<\/p>\n\n\n\n<p>Zum Schulzenteich 7<\/p>\n\n\n\n<p>18276 Gutow, OT B\u00fclow<\/p>\n\n\n\n<p>II. Allgemeines zur Datenverarbeitung<\/p>\n\n\n\n<p>1. Umfang der Verarbeitung personenbezogener Daten<\/p>\n\n\n\n<p>Wir verarbeiten personenbezogene Daten unserer Nutzer grunds\u00e4tzlich nur, soweit dies zur Bereitstellung einer funktionsf\u00e4higen Website sowie unserer Inhalte und Leistungen erforderlich ist. Die Verarbeitung personenbezogener Daten unserer Nutzer erfolgt regelm\u00e4\u00dfig nur nach Einwilligung des Nutzers. Eine Ausnahme gilt in solchen F\u00e4llen, in denen eine vorherige Einholung einer Einwilligung aus tats\u00e4chlichen Gr\u00fcnden nicht m\u00f6glich ist und die Verarbeitung der Daten durch gesetzliche Vorschriften gestattet ist.<\/p>\n\n\n\n<p>2. Rechtsgrundlage f\u00fcr die Verarbeitung personenbezogener Daten<\/p>\n\n\n\n<p>F\u00fcr einzelne Online-Leistungen, insbesondere f\u00fcr Antragsverfahren, gilt jeweils die f\u00fcr diese Online-Leistung erforderliche Rechtsgrundlage, auf die innerhalb der Online-Verfahren gesondert hingewiesen wird.<\/p>\n\n\n\n<p>Soweit f\u00fcr Verarbeitungsvorg\u00e4nge personenbezogener Daten eine Einwilligung der betroffenen Person eingeholt wird, dient Art.&nbsp;6 Abs.&nbsp;1 lit.&nbsp;a EU-Datenschutzgrundverordnung (DS-GVO) als Rechtsgrundlage.<\/p>\n\n\n\n<p>Soweit eine Verarbeitung personenbezogener Daten zur Erf\u00fcllung einer rechtlichen Verpflichtung erforderlich ist, der wir unterliegen, dient Art.&nbsp;6 Abs.&nbsp;1 lit.&nbsp;c DS-GVO als Rechtsgrundlage.<\/p>\n\n\n\n<p>3. Datenl\u00f6schung und Speicherdauer<\/p>\n\n\n\n<p>Die personenbezogenen Daten der betroffenen Person werden gel\u00f6scht oder gesperrt, sobald der Zweck der Speicherung entf\u00e4llt. Eine Speicherung kann dar\u00fcber hinaus erfolgen, wenn dies durch den europ\u00e4ischen oder nationalen Gesetzgeber in unionsrechtlichen Verordnungen, Gesetzen oder sonstigen Vorschriften, denen der Verantwortliche unterliegt, vorgesehen wurde.<\/p>\n\n\n\n<p>III. Bereitstellung der Website und Erstellung von Logfiles<\/p>\n\n\n\n<p>1. Beschreibung und Umfang der Datenverarbeitung<\/p>\n\n\n\n<p>Bei jedem Aufruf unserer Internetseite erfasst unser System automatisiert Daten und Informationen vom Computersystem des aufrufenden Rechners f\u00fcr die Sicherstellung eines st\u00f6rungsfreien Betriebes.<\/p>\n\n\n\n<p>Folgende Daten werden hierbei erhoben:<\/p>\n\n\n\n<p>Anfragende IP<\/p>\n\n\n\n<p>Datum\/Uhrzeit<\/p>\n\n\n\n<p>Methode, Pfad, Name und Parameter der aufgerufenen Datei<\/p>\n\n\n\n<p>\u00fcbertragene Datenmenge<\/p>\n\n\n\n<p>Meldung \u00fcber erfolgreichen Abruf<\/p>\n\n\n\n<p>Browser.<\/p>\n\n\n\n<p>Die Daten werden in den Logfiles unseres Systems maximal 3 Tage gespeichert und danach gel\u00f6scht. Eine Speicherung dieser Daten zusammen mit anderen personenbezogenen Daten des Nutzers findet nicht statt.<\/p>\n\n\n\n<p>2. Rechtsgrundlage f\u00fcr die Datenverarbeitung<\/p>\n\n\n\n<p>Rechtsgrundlage f\u00fcr die vor\u00fcbergehende Speicherung der Daten und der Logfiles ist Art.&nbsp;6 Abs.&nbsp;1 lit.&nbsp;e DS-GVO.<\/p>\n\n\n\n<p>3. Zweck der Datenverarbeitung<\/p>\n\n\n\n<p>Die vor\u00fcbergehende Speicherung der IP-Adresse durch das System ist notwendig, um eine Auslieferung der Website an den Rechner des Nutzers zu erm\u00f6glichen. Hierf\u00fcr muss die IP-Adresse des Nutzers f\u00fcr die Dauer der Sitzung gespeichert bleiben.<\/p>\n\n\n\n<p>Die Speicherung in Logfiles erfolgt, um die Funktionsf\u00e4higkeit der Website sicherzustellen. Zudem dienen uns die Daten zur Optimierung der Website und zur Sicherstellung der Sicherheit unserer informationstechnischen Systeme. Eine Auswertung der Daten zu Marketingzwecken findet in diesem Zusammenhang nicht statt. In diesen Zwecken liegt auch unser berechtigtes Interesse an der Datenverarbeitung nach Art.&nbsp;6 Abs.&nbsp;1 lit.&nbsp;e DS-GVO.<\/p>\n\n\n\n<p>4. Dauer der Speicherung<\/p>\n\n\n\n<p>Die Protokolldaten werden maximal drei Tage gespeichert und danach gel\u00f6scht.<\/p>\n\n\n\n<p>5. Widerspruchs- und Beseitigungsm\u00f6glichkeit<\/p>\n\n\n\n<p>Die Erfassung der Daten zur Bereitstellung der Website und die Speicherung der Daten in Logfiles ist f\u00fcr den Betrieb der Internetseite zwingend erforderlich. Es besteht folglich seitens des Nutzers keine Widerspruchsm\u00f6glichkeit.<\/p>\n\n\n\n<p>IV. Verwendung von Cookies<\/p>\n\n\n\n<p>1. Beschreibung und Umfang der Datenverarbeitung<\/p>\n\n\n\n<p>Unsere Website verwendet keine Cookies.<\/p>\n\n\n\n<p>2. Rechtsgrundlage f\u00fcr die Datenverarbeitung<\/p>\n\n\n\n<p>Die Rechtsgrundlage f\u00fcr die Verarbeitung personenbezogener Daten unter Verwendung von technisch notwendigen Cookies ist Art.&nbsp;6 Abs.&nbsp;1 lit. e DSGVO.<\/p>\n\n\n\n<p>Die Rechtsgrundlage f\u00fcr die Verarbeitung personenbezogener Daten unter Verwendung von Cookies zu Analysezwecken ist Art.&nbsp;6 Abs.&nbsp;1 lit.&nbsp;a DSGVO.<\/p>\n","protected":false},"excerpt":{"rendered":"<p>I. Name und Anschrift des Verantwortlichen Der Verantwortliche im Sinne der Datenschutz-Grundverordnung und anderer nationaler Datenschutzgesetze der Mitgliedsstaaten sowie sonstiger datenschutzrechtlicher&nbsp;Bestimmungen ist die: MHT Baugesellschaft mbH vertreten durch: Gesch\u00e4ftsf\u00fchrer Mathias Wolff und Tim Hoppe Zum Schulzenteich 7 18276 Gutow, OT B\u00fclow II. Allgemeines zur Datenverarbeitung 1. Umfang der Verarbeitung personenbezogener Daten Wir verarbeiten personenbezogene Daten [&hellip;]<\/p>\n","protected":false},"author":1,"featured_media":0,"parent":0,"menu_order":7,"comment_status":"closed","ping_status":"closed","template":"","meta":{"footnotes":""},"class_list":["post-27","page","type-page","status-publish","hentry"],"_links":{"self":[{"href":"https:\/\/mht-bau.de\/index.php\/wp-json\/wp\/v2\/pages\/27","targetHints":{"allow":["GET"]}}],"collection":[{"href":"https:\/\/mht-bau.de\/index.php\/wp-json\/wp\/v2\/pages"}],"about":[{"href":"https:\/\/mht-bau.de\/index.php\/wp-json\/wp\/v2\/types\/page"}],"author":[{"embeddable":true,"href":"https:\/\/mht-bau.de\/index.php\/wp-json\/wp\/v2\/users\/1"}],"replies":[{"embeddable":true,"href":"https:\/\/mht-bau.de\/index.php\/wp-json\/wp\/v2\/comments?post=27"}],"version-history":[{"count":2,"href":"https:\/\/mht-bau.de\/index.php\/wp-json\/wp\/v2\/pages\/27\/revisions"}],"predecessor-version":[{"id":591,"href":"https:\/\/mht-bau.de\/index.php\/wp-json\/wp\/v2\/pages\/27\/revisions\/591"}],"wp:attachment":[{"href":"https:\/\/mht-bau.de\/index.php\/wp-json\/wp\/v2\/media?parent=27"}],"curies":[{"name":"wp","href":"https:\/\/api.w.org\/{rel}","templated":true}]}}