{"id":143,"date":"2021-03-06T07:12:35","date_gmt":"2021-03-06T07:12:35","guid":{"rendered":"http:\/\/164.90.161.182\/?page_id=143"},"modified":"2022-12-05T17:33:15","modified_gmt":"2022-12-05T17:33:15","slug":"referenzen","status":"publish","type":"page","link":"https:\/\/mht-bau.de\/index.php\/referenzen\/","title":{"rendered":"Referenzen"},"content":{"rendered":"\n<p class=\"has-text-align-center has-medium-font-size\"><strong>Auf den folgenden Bildern sehen sie eine kleine Auswahl unserer bisherigen Projekte, sodass Sie sich einen ersten Eindruck verschaffen k\u00f6nnen.<\/strong><\/p>\n\n\n\n<h2 class=\"has-text-align-center has-medium-font-size wp-block-heading\">\u00d6ffentliche Bauvorhaben<\/h2>\n\n\n\n<div class=\"wp-block-nextend-smartslider3\"><\/div>\n\n\n\n<p class=\"has-medium-font-size\">&#8220;Amtsscheune&#8221; Zarrentin<\/p>\n\n\n\n<div class=\"wp-block-nextend-smartslider3\"><\/div>\n\n\n\n<p class=\"has-medium-font-size\">Kloster Malchow<\/p>\n\n\n\n<div class=\"wp-block-nextend-smartslider3\"><\/div>\n\n\n\n<p class=\"has-medium-font-size\">Fachhochschule f\u00fcr \u00f6ffentliche Verwaltung, Polizei und Rechtspflege in G\u00fcstrow<\/p>\n\n\n\n<div class=\"wp-block-nextend-smartslider3\"><\/div>\n\n\n\n<p class=\"has-medium-font-size\">Regionale Schule der Stadt G\u00fcstrow &#8220;Thomas M\u00fcntzer&#8221;<\/p>\n\n\n\n<hr class=\"wp-block-separator has-css-opacity is-style-wide\"\/>\n\n\n\n<h2 class=\"has-text-align-center has-medium-font-size wp-block-heading\">Private Bauvorhaben<\/h2>\n\n\n\n<div class=\"wp-block-nextend-smartslider3\"><\/div>\n\n\n\n<hr class=\"wp-block-separator has-css-opacity is-style-default\"\/>\n\n\n\n<div class=\"wp-block-nextend-smartslider3\"><\/div>\n\n\n\n<hr class=\"wp-block-separator has-css-opacity\"\/>\n\n\n\n<div class=\"wp-block-nextend-smartslider3\"><\/div>\n\n\n\n<hr class=\"wp-block-separator has-css-opacity\"\/>\n\n\n\n<div class=\"wp-block-nextend-smartslider3\"><\/div>\n\n\n\n<hr class=\"wp-block-separator has-css-opacity\"\/>\n\n\n\n<div class=\"wp-block-group\"><div class=\"wp-block-group__inner-container is-layout-flow wp-block-group-is-layout-flow\">\n<div class=\"wp-block-nextend-smartslider3\"><\/div>\n<\/div><\/div>\n\n\n\n<p><\/p>\n","protected":false},"excerpt":{"rendered":"<p>Auf den folgenden Bildern sehen sie eine kleine Auswahl unserer bisherigen Projekte, sodass Sie sich einen ersten Eindruck verschaffen k\u00f6nnen. \u00d6ffentliche Bauvorhaben &#8220;Amtsscheune&#8221; Zarrentin Kloster Malchow Fachhochschule f\u00fcr \u00f6ffentliche Verwaltung, Polizei und Rechtspflege in G\u00fcstrow Regionale Schule der Stadt G\u00fcstrow &#8220;Thomas M\u00fcntzer&#8221; Private Bauvorhaben<\/p>\n","protected":false},"author":1,"featured_media":0,"parent":0,"menu_order":0,"comment_status":"closed","ping_status":"closed","template":"","meta":{"footnotes":""},"class_list":["post-143","page","type-page","status-publish","hentry"],"_links":{"self":[{"href":"https:\/\/mht-bau.de\/index.php\/wp-json\/wp\/v2\/pages\/143","targetHints":{"allow":["GET"]}}],"collection":[{"href":"https:\/\/mht-bau.de\/index.php\/wp-json\/wp\/v2\/pages"}],"about":[{"href":"https:\/\/mht-bau.de\/index.php\/wp-json\/wp\/v2\/types\/page"}],"author":[{"embeddable":true,"href":"https:\/\/mht-bau.de\/index.php\/wp-json\/wp\/v2\/users\/1"}],"replies":[{"embeddable":true,"href":"https:\/\/mht-bau.de\/index.php\/wp-json\/wp\/v2\/comments?post=143"}],"version-history":[{"count":31,"href":"https:\/\/mht-bau.de\/index.php\/wp-json\/wp\/v2\/pages\/143\/revisions"}],"predecessor-version":[{"id":821,"href":"https:\/\/mht-bau.de\/index.php\/wp-json\/wp\/v2\/pages\/143\/revisions\/821"}],"wp:attachment":[{"href":"https:\/\/mht-bau.de\/index.php\/wp-json\/wp\/v2\/media?parent=143"}],"curies":[{"name":"wp","href":"https:\/\/api.w.org\/{rel}","templated":true}]}}